{"id":40,"date":"2026-03-07T22:14:55","date_gmt":"2026-03-07T21:14:55","guid":{"rendered":"https:\/\/wkptg.pl\/?page_id=40"},"modified":"2026-03-15T20:57:29","modified_gmt":"2026-03-15T19:57:29","slug":"zarzad-wkptg","status":"publish","type":"page","link":"https:\/\/wkptg.pl\/index.php\/zarzad-wkptg\/","title":{"rendered":"Zarz\u0105d WKPTG"},"content":{"rendered":"<p style=\"text-align: center;\">Zarz\u0105d klubu:<\/p>\n<p style=\"text-align: center;\">Prezes &#8211; Piotrek Pawlic<\/p>\n<p style=\"text-align: center;\">z-ca Prezesa &#8211; Renia Wiczkowska<\/p>\n<p style=\"text-align: center;\">Sekretarz &#8211; Marysia Burzy\u0144ska<\/p>\n<p style=\"text-align: center;\">Cz\u0142onkowie &#8211; Krzysiek Breier i Staszek Junak<\/p>\n<p style=\"text-align: center;\">\n","protected":false},"excerpt":{"rendered":"<p>Zarz\u0105d klubu: Prezes &#8211; Piotrek Pawlic z-ca Prezesa &#8211; Renia Wiczkowska Sekretarz &#8211; Marysia Burzy\u0144ska Cz\u0142onkowie &#8211; Krzysiek Breier i Staszek Junak <a class=\"continue-reading-link\" href=\"https:\/\/wkptg.pl\/index.php\/zarzad-wkptg\/\">Czytaj dalej<\/a><\/p>\n","protected":false},"author":1,"featured_media":0,"parent":0,"menu_order":0,"comment_status":"closed","ping_status":"closed","template":"","meta":{"footnotes":""},"class_list":["post-40","page","type-page","status-publish","hentry"],"_links":{"self":[{"href":"https:\/\/wkptg.pl\/index.php\/wp-json\/wp\/v2\/pages\/40","targetHints":{"allow":["GET"]}}],"collection":[{"href":"https:\/\/wkptg.pl\/index.php\/wp-json\/wp\/v2\/pages"}],"about":[{"href":"https:\/\/wkptg.pl\/index.php\/wp-json\/wp\/v2\/types\/page"}],"author":[{"embeddable":true,"href":"https:\/\/wkptg.pl\/index.php\/wp-json\/wp\/v2\/users\/1"}],"replies":[{"embeddable":true,"href":"https:\/\/wkptg.pl\/index.php\/wp-json\/wp\/v2\/comments?post=40"}],"version-history":[{"count":5,"href":"https:\/\/wkptg.pl\/index.php\/wp-json\/wp\/v2\/pages\/40\/revisions"}],"predecessor-version":[{"id":140,"href":"https:\/\/wkptg.pl\/index.php\/wp-json\/wp\/v2\/pages\/40\/revisions\/140"}],"wp:attachment":[{"href":"https:\/\/wkptg.pl\/index.php\/wp-json\/wp\/v2\/media?parent=40"}],"curies":[{"name":"wp","href":"https:\/\/api.w.org\/{rel}","templated":true}]}}